{"id":4250,"date":"2023-04-10T20:07:45","date_gmt":"2023-04-11T00:07:45","guid":{"rendered":"https:\/\/minderlab.com.ar\/sukabumi\/product\/piedra-sukabumi-verde\/"},"modified":"2025-07-29T23:04:38","modified_gmt":"2025-07-30T03:04:38","slug":"piedra-sukabumi-verde","status":"publish","type":"product","link":"https:\/\/sukabumiusa.com\/es\/product\/piedra-sukabumi-verde\/","title":{"rendered":"Piedra Sukabumi Verde"},"content":{"rendered":"\t\t<div data-elementor-type=\"product-post\" data-elementor-id=\"4250\" class=\"elementor elementor-4250 elementor-2883\" data-elementor-post-type=\"product\">\n\t\t\t\t\t\t<section class=\"elementor-section elementor-top-section elementor-element elementor-element-4d8fcecd elementor-section-boxed elementor-section-height-default elementor-section-height-default gs-locked-section-no\" data-id=\"4d8fcecd\" data-element_type=\"section\">\n\t\t\t\t\t\t<div class=\"elementor-container elementor-column-gap-default\">\n\t\t\t\t\t<div class=\"elementor-column elementor-col-100 elementor-top-column elementor-element elementor-element-2e5ef938\" data-id=\"2e5ef938\" data-element_type=\"column\">\n\t\t\t<div class=\"elementor-widget-wrap elementor-element-populated\">\n\t\t\t\t\t\t<div class=\"elementor-element elementor-element-e05ee9b elementor-blockquote--skin-boxed elementor-blockquote--button-color-official elementor-widget elementor-widget-blockquote\" data-id=\"e05ee9b\" data-element_type=\"widget\" data-widget_type=\"blockquote.default\">\n\t\t\t\t<div class=\"elementor-widget-container\">\n\t\t\t\t\t\t\t<blockquote class=\"elementor-blockquote\">\n\t\t\t<p class=\"elementor-blockquote__content\">\n\t\t\t\t\u201cLa piedra Sukabumi Verde (conocida tambi\u00e9n como Pedra Hijau Verde) es una piedra natural popular en el mercado mundial de baldosas para piscinas. Esta piedra se utiliza especialmente para el \u00e1rea de la piscina como azulejos de piscina. La mayor\u00eda de los pueblos y ciudades de lujo del mundo, como Bali, Hawai, Phuket, Sanya, Haikou, Maldivas, R\u00edo de Janeiro y otras partes del mundo, utilizan la piedra Sukabumi Verde (Pedra Hijau Verde).\u201d\t\t\t<\/p>\n\t\t\t\t\t<\/blockquote>\n\t\t\t\t\t\t<\/div>\n\t\t\t\t<\/div>\n\t\t\t\t<section class=\"elementor-section elementor-inner-section elementor-element elementor-element-f59ff69 elementor-section-boxed elementor-section-height-default elementor-section-height-default gs-locked-section-no\" data-id=\"f59ff69\" data-element_type=\"section\">\n\t\t\t\t\t\t<div class=\"elementor-container elementor-column-gap-default\">\n\t\t\t\t\t<div class=\"elementor-column elementor-col-50 elementor-inner-column elementor-element elementor-element-95d9966\" data-id=\"95d9966\" data-element_type=\"column\">\n\t\t\t<div class=\"elementor-widget-wrap elementor-element-populated\">\n\t\t\t\t\t\t<div class=\"elementor-element elementor-element-9b4e5e7 elementor-position-top elementor-widget elementor-widget-image-box\" data-id=\"9b4e5e7\" data-element_type=\"widget\" data-widget_type=\"image-box.default\">\n\t\t\t\t<div class=\"elementor-widget-container\">\n\t\t\t\t\t<div class=\"elementor-image-box-wrapper\"><figure class=\"elementor-image-box-img\"><img fetchpriority=\"high\" decoding=\"async\" width=\"600\" height=\"600\" src=\"https:\/\/sukabumiusa.com\/wp-content\/uploads\/2023\/04\/sukabumi-honed.jpeg\" class=\"attachment-full size-full wp-image-3343\" alt=\"\" srcset=\"https:\/\/sukabumiusa.com\/wp-content\/uploads\/2023\/04\/sukabumi-honed.jpeg 600w, https:\/\/sukabumiusa.com\/wp-content\/uploads\/2023\/04\/sukabumi-honed-300x300.jpeg 300w, https:\/\/sukabumiusa.com\/wp-content\/uploads\/2023\/04\/sukabumi-honed-150x150.jpeg 150w, https:\/\/sukabumiusa.com\/wp-content\/uploads\/2023\/04\/sukabumi-honed-500x500.jpeg 500w, https:\/\/sukabumiusa.com\/wp-content\/uploads\/2023\/04\/sukabumi-honed-100x100.jpeg 100w, https:\/\/sukabumiusa.com\/wp-content\/uploads\/2023\/04\/sukabumi-honed-50x50.jpeg 50w\" sizes=\"(max-width: 600px) 100vw, 600px\" \/><\/figure><div class=\"elementor-image-box-content\"><h2 class=\"elementor-image-box-title\">Corte de Disco<\/h2><\/div><\/div>\t\t\t\t<\/div>\n\t\t\t\t<\/div>\n\t\t\t\t\t<\/div>\n\t\t<\/div>\n\t\t\t\t<div class=\"elementor-column elementor-col-50 elementor-inner-column elementor-element elementor-element-39c2371\" data-id=\"39c2371\" data-element_type=\"column\">\n\t\t\t<div class=\"elementor-widget-wrap elementor-element-populated\">\n\t\t\t\t\t\t<div class=\"elementor-element elementor-element-098722f elementor-position-top elementor-widget elementor-widget-image-box\" data-id=\"098722f\" data-element_type=\"widget\" data-widget_type=\"image-box.default\">\n\t\t\t\t<div class=\"elementor-widget-container\">\n\t\t\t\t\t<div class=\"elementor-image-box-wrapper\"><figure class=\"elementor-image-box-img\"><img decoding=\"async\" width=\"600\" height=\"600\" src=\"https:\/\/sukabumiusa.com\/wp-content\/uploads\/2023\/04\/sukabumi-rough.jpeg\" class=\"attachment-full size-full wp-image-3345\" alt=\"\" srcset=\"https:\/\/sukabumiusa.com\/wp-content\/uploads\/2023\/04\/sukabumi-rough.jpeg 600w, https:\/\/sukabumiusa.com\/wp-content\/uploads\/2023\/04\/sukabumi-rough-300x300.jpeg 300w, https:\/\/sukabumiusa.com\/wp-content\/uploads\/2023\/04\/sukabumi-rough-150x150.jpeg 150w, https:\/\/sukabumiusa.com\/wp-content\/uploads\/2023\/04\/sukabumi-rough-500x500.jpeg 500w, https:\/\/sukabumiusa.com\/wp-content\/uploads\/2023\/04\/sukabumi-rough-100x100.jpeg 100w, https:\/\/sukabumiusa.com\/wp-content\/uploads\/2023\/04\/sukabumi-rough-50x50.jpeg 50w\" sizes=\"(max-width: 600px) 100vw, 600px\" \/><\/figure><div class=\"elementor-image-box-content\"><h2 class=\"elementor-image-box-title\">Corte Rugoso<\/h2><\/div><\/div>\t\t\t\t<\/div>\n\t\t\t\t<\/div>\n\t\t\t\t\t<\/div>\n\t\t<\/div>\n\t\t\t\t\t<\/div>\n\t\t<\/section>\n\t\t\t\t<section class=\"elementor-section elementor-inner-section elementor-element elementor-element-cb2ad8e elementor-section-boxed elementor-section-height-default elementor-section-height-default gs-locked-section-no\" data-id=\"cb2ad8e\" data-element_type=\"section\">\n\t\t\t\t\t\t<div class=\"elementor-container elementor-column-gap-default\">\n\t\t\t\t\t<div class=\"elementor-column elementor-col-50 elementor-inner-column elementor-element elementor-element-d73da13\" data-id=\"d73da13\" data-element_type=\"column\">\n\t\t\t<div class=\"elementor-widget-wrap elementor-element-populated\">\n\t\t\t\t\t\t<div class=\"elementor-element elementor-element-100143e elementor-widget elementor-widget-grada-section-title\" data-id=\"100143e\" data-element_type=\"widget\" data-widget_type=\"grada-section-title.default\">\n\t\t\t\t<div class=\"elementor-widget-container\">\n\t\t\t\t\t\t\t\t<div class=\"gs-section-title-holder\">\n                                    <div class=\"gs-section-title-inner\">\n\n\t\t\t                                        <h2 class=\"gs-section-title\">Caracter\u00edsticas<\/h2>                        \t\t\t                                        <div class=\"gs-section-title-content\">\n\t                            <p>La base principal de la piedra es el cuarzo derivado de las zeolitas. cuenta con 9 tonos naturales, predominando el verde como una de sus caracter\u00edsticas \u00fanicas creando as\u00ed un equilibrio entre lo org\u00e1nico y lo moderno.<\/p>\n                            <\/div>\n                                            <\/div>\n                \t\t\t<\/div>\n\t\t\t\t\t\t<\/div>\n\t\t\t\t<\/div>\n\t\t\t\t<div class=\"elementor-element elementor-element-b80b22b elementor-icon-list--layout-traditional elementor-list-item-link-full_width elementor-widget elementor-widget-icon-list\" data-id=\"b80b22b\" data-element_type=\"widget\" data-widget_type=\"icon-list.default\">\n\t\t\t\t<div class=\"elementor-widget-container\">\n\t\t\t\t\t\t\t<ul class=\"elementor-icon-list-items\">\n\t\t\t\t\t\t\t<li class=\"elementor-icon-list-item\">\n\t\t\t\t\t\t\t\t\t\t\t<span class=\"elementor-icon-list-icon\">\n\t\t\t\t\t\t\t<i aria-hidden=\"true\" class=\"fas fa-check\"><\/i>\t\t\t\t\t\t<\/span>\n\t\t\t\t\t\t\t\t\t\t<span class=\"elementor-icon-list-text\">Ex\u00f3tica, tropical y funcional<\/span>\n\t\t\t\t\t\t\t\t\t<\/li>\n\t\t\t\t\t\t\t\t<li class=\"elementor-icon-list-item\">\n\t\t\t\t\t\t\t\t\t\t\t<span class=\"elementor-icon-list-icon\">\n\t\t\t\t\t\t\t<i aria-hidden=\"true\" class=\"fas fa-check\"><\/i>\t\t\t\t\t\t<\/span>\n\t\t\t\t\t\t\t\t\t\t<span class=\"elementor-icon-list-text\">Antideslizante en todas las condiciones.<\/span>\n\t\t\t\t\t\t\t\t\t<\/li>\n\t\t\t\t\t\t\t\t<li class=\"elementor-icon-list-item\">\n\t\t\t\t\t\t\t\t\t\t\t<span class=\"elementor-icon-list-icon\">\n\t\t\t\t\t\t\t<i aria-hidden=\"true\" class=\"fas fa-check\"><\/i>\t\t\t\t\t\t<\/span>\n\t\t\t\t\t\t\t\t\t\t<span class=\"elementor-icon-list-text\">Posee una alta densidad lo que aumenta su impermeabilidad<\/span>\n\t\t\t\t\t\t\t\t\t<\/li>\n\t\t\t\t\t\t\t\t<li class=\"elementor-icon-list-item\">\n\t\t\t\t\t\t\t\t\t\t\t<span class=\"elementor-icon-list-icon\">\n\t\t\t\t\t\t\t<i aria-hidden=\"true\" class=\"fas fa-check\"><\/i>\t\t\t\t\t\t<\/span>\n\t\t\t\t\t\t\t\t\t\t<span class=\"elementor-icon-list-text\">Reduce el consumo de cloro o sal de hasta un 20%<\/span>\n\t\t\t\t\t\t\t\t\t<\/li>\n\t\t\t\t\t\t<\/ul>\n\t\t\t\t\t\t<\/div>\n\t\t\t\t<\/div>\n\t\t\t\t\t<\/div>\n\t\t<\/div>\n\t\t\t\t<div class=\"elementor-column elementor-col-50 elementor-inner-column elementor-element elementor-element-16b648c\" data-id=\"16b648c\" data-element_type=\"column\">\n\t\t\t<div class=\"elementor-widget-wrap elementor-element-populated\">\n\t\t\t\t\t\t<div class=\"elementor-element elementor-element-0473ef2 elementor-widget elementor-widget-grada-section-title\" data-id=\"0473ef2\" data-element_type=\"widget\" data-widget_type=\"grada-section-title.default\">\n\t\t\t\t<div class=\"elementor-widget-container\">\n\t\t\t\t\t\t\t\t<div class=\"gs-section-title-holder\">\n                                    <div class=\"gs-section-title-inner\">\n\n\t\t\t                                        <h2 class=\"gs-section-title\">Descargas<\/h2>                        \t\t\t                                <\/div>\n                \t\t\t<\/div>\n\t\t\t\t\t\t<\/div>\n\t\t\t\t<\/div>\n\t\t\t\t<div class=\"elementor-element elementor-element-a117004 elementor-align-justify elementor-widget__width-inherit elementor-widget elementor-widget-button\" data-id=\"a117004\" data-element_type=\"widget\" data-widget_type=\"button.default\">\n\t\t\t\t<div class=\"elementor-widget-container\">\n\t\t\t\t\t\t\t\t\t<div class=\"elementor-button-wrapper\">\n\t\t\t\t\t<a class=\"elementor-button elementor-button-link elementor-size-md\" href=\"https:\/\/sukabumiusa.com\/wp-content\/uploads\/2023\/08\/especificaciones-sukabumi.pdf\" target=\"_blank\">\n\t\t\t\t\t\t<span class=\"elementor-button-content-wrapper\">\n\t\t\t\t\t\t\t\t\t<span class=\"elementor-button-text\">Especificaciones<\/span>\n\t\t\t\t\t<\/span>\n\t\t\t\t\t<\/a>\n\t\t\t\t<\/div>\n\t\t\t\t\t\t\t\t<\/div>\n\t\t\t\t<\/div>\n\t\t\t\t<div class=\"elementor-element elementor-element-e7c83c8 elementor-align-justify elementor-widget__width-inherit elementor-widget elementor-widget-button\" data-id=\"e7c83c8\" data-element_type=\"widget\" data-widget_type=\"button.default\">\n\t\t\t\t<div class=\"elementor-widget-container\">\n\t\t\t\t\t\t\t\t\t<div class=\"elementor-button-wrapper\">\n\t\t\t\t\t<a class=\"elementor-button elementor-button-link elementor-size-md\" href=\"https:\/\/sukabumiusa.com\/wp-content\/uploads\/2025\/07\/sukabumi-guia-instalacion.pdf\" target=\"_blank\">\n\t\t\t\t\t\t<span class=\"elementor-button-content-wrapper\">\n\t\t\t\t\t\t\t\t\t<span class=\"elementor-button-text\">C\u00f3mo instalar<\/span>\n\t\t\t\t\t<\/span>\n\t\t\t\t\t<\/a>\n\t\t\t\t<\/div>\n\t\t\t\t\t\t\t\t<\/div>\n\t\t\t\t<\/div>\n\t\t\t\t\t<\/div>\n\t\t<\/div>\n\t\t\t\t\t<\/div>\n\t\t<\/section>\n\t\t\t\t\t<\/div>\n\t\t<\/div>\n\t\t\t\t\t<\/div>\n\t\t<\/section>\n\t\t\t\t<\/div>\n\t\t","protected":false},"excerpt":{"rendered":"<p>Procedentes de piedras volc\u00e1nicas extra\u00eddas de Indonesia, las cuales cuentan con propiedades que garantizan calidad y superioridad en calidades a cualquier otro tipo de revestimiento.<br \/>\n[stm-calc id=\"4304\"]<\/p>\n","protected":false},"featured_media":3177,"template":"elementor_theme","meta":{"_acf_changed":false},"product_brand":[],"product_cat":[97],"product_tag":[99],"class_list":{"0":"post-4250","1":"product","2":"type-product","3":"status-publish","4":"has-post-thumbnail","6":"product_cat-piedras","7":"product_tag-piedras","9":"first","10":"instock","11":"shipping-taxable","12":"product-type-simple"},"acf":[],"yoast_head":"<!-- This site is optimized with the Yoast SEO plugin v24.8.1 - https:\/\/yoast.com\/wordpress\/plugins\/seo\/ -->\n<title>Piedra Sukabumi Verde - SUKABUMI USA<\/title>\n<meta name=\"robots\" content=\"index, follow, max-snippet:-1, max-image-preview:large, max-video-preview:-1\" \/>\n<link rel=\"canonical\" href=\"https:\/\/sukabumiusa.com\/es\/product\/piedra-sukabumi-verde\/\" \/>\n<meta property=\"og:locale\" content=\"es_ES\" \/>\n<meta property=\"og:type\" content=\"article\" \/>\n<meta property=\"og:title\" content=\"Piedra Sukabumi Verde - SUKABUMI USA\" \/>\n<meta property=\"og:description\" content=\"Procedentes de piedras volc\u00e1nicas extra\u00eddas de Indonesia, las cuales cuentan con propiedades que garantizan calidad y superioridad en calidades a cualquier otro tipo de revestimiento.\" \/>\n<meta property=\"og:url\" content=\"https:\/\/sukabumiusa.com\/es\/product\/piedra-sukabumi-verde\/\" \/>\n<meta property=\"og:site_name\" content=\"SUKABUMI USA\" \/>\n<meta property=\"article:modified_time\" content=\"2025-07-30T03:04:38+00:00\" \/>\n<meta property=\"og:image\" content=\"https:\/\/sukabumiusa.com\/wp-content\/uploads\/2023\/04\/sukabumi.jpg\" \/>\n\t<meta property=\"og:image:width\" content=\"500\" \/>\n\t<meta property=\"og:image:height\" content=\"500\" \/>\n\t<meta property=\"og:image:type\" content=\"image\/jpeg\" \/>\n<meta name=\"twitter:card\" content=\"summary_large_image\" \/>\n<script type=\"application\/ld+json\" class=\"yoast-schema-graph\">{\"@context\":\"https:\/\/schema.org\",\"@graph\":[{\"@type\":\"WebPage\",\"@id\":\"https:\/\/sukabumiusa.com\/es\/product\/piedra-sukabumi-verde\/\",\"url\":\"https:\/\/sukabumiusa.com\/es\/product\/piedra-sukabumi-verde\/\",\"name\":\"Piedra Sukabumi Verde - SUKABUMI USA\",\"isPartOf\":{\"@id\":\"https:\/\/sukabumiusa.com\/#website\"},\"primaryImageOfPage\":{\"@id\":\"https:\/\/sukabumiusa.com\/es\/product\/piedra-sukabumi-verde\/#primaryimage\"},\"image\":{\"@id\":\"https:\/\/sukabumiusa.com\/es\/product\/piedra-sukabumi-verde\/#primaryimage\"},\"thumbnailUrl\":\"https:\/\/sukabumiusa.com\/wp-content\/uploads\/2023\/04\/sukabumi.jpg\",\"datePublished\":\"2023-04-11T00:07:45+00:00\",\"dateModified\":\"2025-07-30T03:04:38+00:00\",\"breadcrumb\":{\"@id\":\"https:\/\/sukabumiusa.com\/es\/product\/piedra-sukabumi-verde\/#breadcrumb\"},\"inLanguage\":\"es\",\"potentialAction\":[{\"@type\":\"ReadAction\",\"target\":[\"https:\/\/sukabumiusa.com\/es\/product\/piedra-sukabumi-verde\/\"]}]},{\"@type\":\"ImageObject\",\"inLanguage\":\"es\",\"@id\":\"https:\/\/sukabumiusa.com\/es\/product\/piedra-sukabumi-verde\/#primaryimage\",\"url\":\"https:\/\/sukabumiusa.com\/wp-content\/uploads\/2023\/04\/sukabumi.jpg\",\"contentUrl\":\"https:\/\/sukabumiusa.com\/wp-content\/uploads\/2023\/04\/sukabumi.jpg\",\"width\":500,\"height\":500,\"caption\":\"Green Sukabumi Stone\"},{\"@type\":\"BreadcrumbList\",\"@id\":\"https:\/\/sukabumiusa.com\/es\/product\/piedra-sukabumi-verde\/#breadcrumb\",\"itemListElement\":[{\"@type\":\"ListItem\",\"position\":1,\"name\":\"Home\",\"item\":\"https:\/\/sukabumiusa.com\/\"},{\"@type\":\"ListItem\",\"position\":2,\"name\":\"Tienda\",\"item\":\"https:\/\/sukabumiusa.com\/es\/tienda\/\"},{\"@type\":\"ListItem\",\"position\":3,\"name\":\"Piedra Sukabumi Verde\"}]},{\"@type\":\"WebSite\",\"@id\":\"https:\/\/sukabumiusa.com\/#website\",\"url\":\"https:\/\/sukabumiusa.com\/\",\"name\":\"SUKABUMI USA\",\"description\":\"Natural stones for swimming pools\",\"publisher\":{\"@id\":\"https:\/\/sukabumiusa.com\/#organization\"},\"potentialAction\":[{\"@type\":\"SearchAction\",\"target\":{\"@type\":\"EntryPoint\",\"urlTemplate\":\"https:\/\/sukabumiusa.com\/?s={search_term_string}\"},\"query-input\":{\"@type\":\"PropertyValueSpecification\",\"valueRequired\":true,\"valueName\":\"search_term_string\"}}],\"inLanguage\":\"es\"},{\"@type\":\"Organization\",\"@id\":\"https:\/\/sukabumiusa.com\/#organization\",\"name\":\"SUKABUMI USA\",\"url\":\"https:\/\/sukabumiusa.com\/\",\"logo\":{\"@type\":\"ImageObject\",\"inLanguage\":\"es\",\"@id\":\"https:\/\/sukabumiusa.com\/#\/schema\/logo\/image\/\",\"url\":\"https:\/\/smm863.a2cdn1.secureserver.net\/wp-content\/uploads\/2023\/03\/logo-sukabumi-dark.png?time=1688663207\",\"contentUrl\":\"https:\/\/smm863.a2cdn1.secureserver.net\/wp-content\/uploads\/2023\/03\/logo-sukabumi-dark.png?time=1688663207\",\"width\":494,\"height\":40,\"caption\":\"SUKABUMI USA\"},\"image\":{\"@id\":\"https:\/\/sukabumiusa.com\/#\/schema\/logo\/image\/\"},\"sameAs\":[\"https:\/\/www.instagram.com\/sukabumiusa\/\"]}]}<\/script>\n<!-- \/ Yoast SEO plugin. -->","yoast_head_json":{"title":"Piedra Sukabumi Verde - SUKABUMI USA","robots":{"index":"index","follow":"follow","max-snippet":"max-snippet:-1","max-image-preview":"max-image-preview:large","max-video-preview":"max-video-preview:-1"},"canonical":"https:\/\/sukabumiusa.com\/es\/product\/piedra-sukabumi-verde\/","og_locale":"es_ES","og_type":"article","og_title":"Piedra Sukabumi Verde - SUKABUMI USA","og_description":"Procedentes de piedras volc\u00e1nicas extra\u00eddas de Indonesia, las cuales cuentan con propiedades que garantizan calidad y superioridad en calidades a cualquier otro tipo de revestimiento.","og_url":"https:\/\/sukabumiusa.com\/es\/product\/piedra-sukabumi-verde\/","og_site_name":"SUKABUMI USA","article_modified_time":"2025-07-30T03:04:38+00:00","og_image":[{"width":500,"height":500,"url":"https:\/\/sukabumiusa.com\/wp-content\/uploads\/2023\/04\/sukabumi.jpg","type":"image\/jpeg"}],"twitter_card":"summary_large_image","schema":{"@context":"https:\/\/schema.org","@graph":[{"@type":"WebPage","@id":"https:\/\/sukabumiusa.com\/es\/product\/piedra-sukabumi-verde\/","url":"https:\/\/sukabumiusa.com\/es\/product\/piedra-sukabumi-verde\/","name":"Piedra Sukabumi Verde - SUKABUMI USA","isPartOf":{"@id":"https:\/\/sukabumiusa.com\/#website"},"primaryImageOfPage":{"@id":"https:\/\/sukabumiusa.com\/es\/product\/piedra-sukabumi-verde\/#primaryimage"},"image":{"@id":"https:\/\/sukabumiusa.com\/es\/product\/piedra-sukabumi-verde\/#primaryimage"},"thumbnailUrl":"https:\/\/sukabumiusa.com\/wp-content\/uploads\/2023\/04\/sukabumi.jpg","datePublished":"2023-04-11T00:07:45+00:00","dateModified":"2025-07-30T03:04:38+00:00","breadcrumb":{"@id":"https:\/\/sukabumiusa.com\/es\/product\/piedra-sukabumi-verde\/#breadcrumb"},"inLanguage":"es","potentialAction":[{"@type":"ReadAction","target":["https:\/\/sukabumiusa.com\/es\/product\/piedra-sukabumi-verde\/"]}]},{"@type":"ImageObject","inLanguage":"es","@id":"https:\/\/sukabumiusa.com\/es\/product\/piedra-sukabumi-verde\/#primaryimage","url":"https:\/\/sukabumiusa.com\/wp-content\/uploads\/2023\/04\/sukabumi.jpg","contentUrl":"https:\/\/sukabumiusa.com\/wp-content\/uploads\/2023\/04\/sukabumi.jpg","width":500,"height":500,"caption":"Green Sukabumi Stone"},{"@type":"BreadcrumbList","@id":"https:\/\/sukabumiusa.com\/es\/product\/piedra-sukabumi-verde\/#breadcrumb","itemListElement":[{"@type":"ListItem","position":1,"name":"Home","item":"https:\/\/sukabumiusa.com\/"},{"@type":"ListItem","position":2,"name":"Tienda","item":"https:\/\/sukabumiusa.com\/es\/tienda\/"},{"@type":"ListItem","position":3,"name":"Piedra Sukabumi Verde"}]},{"@type":"WebSite","@id":"https:\/\/sukabumiusa.com\/#website","url":"https:\/\/sukabumiusa.com\/","name":"SUKABUMI USA","description":"Natural stones for swimming pools","publisher":{"@id":"https:\/\/sukabumiusa.com\/#organization"},"potentialAction":[{"@type":"SearchAction","target":{"@type":"EntryPoint","urlTemplate":"https:\/\/sukabumiusa.com\/?s={search_term_string}"},"query-input":{"@type":"PropertyValueSpecification","valueRequired":true,"valueName":"search_term_string"}}],"inLanguage":"es"},{"@type":"Organization","@id":"https:\/\/sukabumiusa.com\/#organization","name":"SUKABUMI USA","url":"https:\/\/sukabumiusa.com\/","logo":{"@type":"ImageObject","inLanguage":"es","@id":"https:\/\/sukabumiusa.com\/#\/schema\/logo\/image\/","url":"https:\/\/smm863.a2cdn1.secureserver.net\/wp-content\/uploads\/2023\/03\/logo-sukabumi-dark.png?time=1688663207","contentUrl":"https:\/\/smm863.a2cdn1.secureserver.net\/wp-content\/uploads\/2023\/03\/logo-sukabumi-dark.png?time=1688663207","width":494,"height":40,"caption":"SUKABUMI USA"},"image":{"@id":"https:\/\/sukabumiusa.com\/#\/schema\/logo\/image\/"},"sameAs":["https:\/\/www.instagram.com\/sukabumiusa\/"]}]}},"_links":{"self":[{"href":"https:\/\/sukabumiusa.com\/es\/wp-json\/wp\/v2\/product\/4250","targetHints":{"allow":["GET"]}}],"collection":[{"href":"https:\/\/sukabumiusa.com\/es\/wp-json\/wp\/v2\/product"}],"about":[{"href":"https:\/\/sukabumiusa.com\/es\/wp-json\/wp\/v2\/types\/product"}],"version-history":[{"count":3,"href":"https:\/\/sukabumiusa.com\/es\/wp-json\/wp\/v2\/product\/4250\/revisions"}],"predecessor-version":[{"id":5287,"href":"https:\/\/sukabumiusa.com\/es\/wp-json\/wp\/v2\/product\/4250\/revisions\/5287"}],"wp:featuredmedia":[{"embeddable":true,"href":"https:\/\/sukabumiusa.com\/es\/wp-json\/wp\/v2\/media\/3177"}],"wp:attachment":[{"href":"https:\/\/sukabumiusa.com\/es\/wp-json\/wp\/v2\/media?parent=4250"}],"wp:term":[{"taxonomy":"product_brand","embeddable":true,"href":"https:\/\/sukabumiusa.com\/es\/wp-json\/wp\/v2\/product_brand?post=4250"},{"taxonomy":"product_cat","embeddable":true,"href":"https:\/\/sukabumiusa.com\/es\/wp-json\/wp\/v2\/product_cat?post=4250"},{"taxonomy":"product_tag","embeddable":true,"href":"https:\/\/sukabumiusa.com\/es\/wp-json\/wp\/v2\/product_tag?post=4250"}],"curies":[{"name":"wp","href":"https:\/\/api.w.org\/{rel}","templated":true}]}}