{"id":4247,"date":"2023-04-10T20:09:22","date_gmt":"2023-04-11T00:09:22","guid":{"rendered":"https:\/\/minderlab.com.ar\/sukabumi\/product\/piedra-lava-negra\/"},"modified":"2025-07-29T23:04:33","modified_gmt":"2025-07-30T03:04:33","slug":"piedra-lava-negra","status":"publish","type":"product","link":"https:\/\/sukabumiusa.com\/es\/product\/piedra-lava-negra\/","title":{"rendered":"Piedra Lava Negra"},"content":{"rendered":"\t\t<div data-elementor-type=\"product-post\" data-elementor-id=\"4247\" class=\"elementor elementor-4247 elementor-2884\" data-elementor-post-type=\"product\">\n\t\t\t\t\t\t<section class=\"elementor-section elementor-top-section elementor-element elementor-element-c4c7956 elementor-section-boxed elementor-section-height-default elementor-section-height-default gs-locked-section-no\" data-id=\"c4c7956\" data-element_type=\"section\">\n\t\t\t\t\t\t<div class=\"elementor-container elementor-column-gap-default\">\n\t\t\t\t\t<div class=\"elementor-column elementor-col-100 elementor-top-column elementor-element elementor-element-51838ea\" data-id=\"51838ea\" data-element_type=\"column\">\n\t\t\t<div class=\"elementor-widget-wrap elementor-element-populated\">\n\t\t\t\t\t\t<div class=\"elementor-element elementor-element-ebe57cf elementor-blockquote--skin-boxed elementor-blockquote--button-color-official elementor-widget elementor-widget-blockquote\" data-id=\"ebe57cf\" data-element_type=\"widget\" data-widget_type=\"blockquote.default\">\n\t\t\t\t<div class=\"elementor-widget-container\">\n\t\t\t\t\t\t\t<blockquote class=\"elementor-blockquote\">\n\t\t\t<p class=\"elementor-blockquote__content\">\n\t\t\t\t\u201cLa bomba volc\u00e1nica Breadcust o tambi\u00e9n conocida como Piedra de Lava es un tipo de roca \u00edgnea extrusiva basada en c\u00f3mo se forman. En el pasado, nuestros ancestros \u200b\u200bsol\u00edan usar piedra de lava para hacer esculturas. Normalmente, utilizaban piedra de lava con texturas suaves y no porosas para aportar m\u00e1s belleza al resultado de las esculturas.\u201d\t\t\t<\/p>\n\t\t\t\t\t<\/blockquote>\n\t\t\t\t\t\t<\/div>\n\t\t\t\t<\/div>\n\t\t\t\t<section class=\"elementor-section elementor-inner-section elementor-element elementor-element-1a30e14 elementor-section-boxed elementor-section-height-default elementor-section-height-default gs-locked-section-no\" data-id=\"1a30e14\" data-element_type=\"section\">\n\t\t\t\t\t\t<div class=\"elementor-container elementor-column-gap-default\">\n\t\t\t\t\t<div class=\"elementor-column elementor-col-50 elementor-inner-column elementor-element elementor-element-b3b1ce8\" data-id=\"b3b1ce8\" data-element_type=\"column\">\n\t\t\t<div class=\"elementor-widget-wrap elementor-element-populated\">\n\t\t\t\t\t\t<div class=\"elementor-element elementor-element-3737ad3 elementor-position-top elementor-widget elementor-widget-image-box\" data-id=\"3737ad3\" data-element_type=\"widget\" data-widget_type=\"image-box.default\">\n\t\t\t\t<div class=\"elementor-widget-container\">\n\t\t\t\t\t<div class=\"elementor-image-box-wrapper\"><figure class=\"elementor-image-box-img\"><img fetchpriority=\"high\" decoding=\"async\" width=\"600\" height=\"600\" src=\"https:\/\/sukabumiusa.com\/wp-content\/uploads\/2023\/05\/black-lava-honed.jpeg\" class=\"attachment-full size-full wp-image-3829\" alt=\"\" srcset=\"https:\/\/sukabumiusa.com\/wp-content\/uploads\/2023\/05\/black-lava-honed.jpeg 600w, https:\/\/sukabumiusa.com\/wp-content\/uploads\/2023\/05\/black-lava-honed-300x300.jpeg 300w, https:\/\/sukabumiusa.com\/wp-content\/uploads\/2023\/05\/black-lava-honed-150x150.jpeg 150w, https:\/\/sukabumiusa.com\/wp-content\/uploads\/2023\/05\/black-lava-honed-500x500.jpeg 500w, https:\/\/sukabumiusa.com\/wp-content\/uploads\/2023\/05\/black-lava-honed-100x100.jpeg 100w, https:\/\/sukabumiusa.com\/wp-content\/uploads\/2023\/05\/black-lava-honed-50x50.jpeg 50w\" sizes=\"(max-width: 600px) 100vw, 600px\" \/><\/figure><div class=\"elementor-image-box-content\"><h2 class=\"elementor-image-box-title\">Corte de Disco<\/h2><\/div><\/div>\t\t\t\t<\/div>\n\t\t\t\t<\/div>\n\t\t\t\t\t<\/div>\n\t\t<\/div>\n\t\t\t\t<div class=\"elementor-column elementor-col-50 elementor-inner-column elementor-element elementor-element-a3f1944\" data-id=\"a3f1944\" data-element_type=\"column\">\n\t\t\t<div class=\"elementor-widget-wrap elementor-element-populated\">\n\t\t\t\t\t\t<div class=\"elementor-element elementor-element-928b6c0 elementor-position-top elementor-widget elementor-widget-image-box\" data-id=\"928b6c0\" data-element_type=\"widget\" data-widget_type=\"image-box.default\">\n\t\t\t\t<div class=\"elementor-widget-container\">\n\t\t\t\t\t<div class=\"elementor-image-box-wrapper\"><figure class=\"elementor-image-box-img\"><img decoding=\"async\" width=\"600\" height=\"600\" src=\"https:\/\/sukabumiusa.com\/wp-content\/uploads\/2023\/05\/black-lava-rough.jpg\" class=\"attachment-full size-full wp-image-3831\" alt=\"\" srcset=\"https:\/\/sukabumiusa.com\/wp-content\/uploads\/2023\/05\/black-lava-rough.jpg 600w, https:\/\/sukabumiusa.com\/wp-content\/uploads\/2023\/05\/black-lava-rough-300x300.jpg 300w, https:\/\/sukabumiusa.com\/wp-content\/uploads\/2023\/05\/black-lava-rough-150x150.jpg 150w, https:\/\/sukabumiusa.com\/wp-content\/uploads\/2023\/05\/black-lava-rough-500x500.jpg 500w, https:\/\/sukabumiusa.com\/wp-content\/uploads\/2023\/05\/black-lava-rough-100x100.jpg 100w, https:\/\/sukabumiusa.com\/wp-content\/uploads\/2023\/05\/black-lava-rough-50x50.jpg 50w\" sizes=\"(max-width: 600px) 100vw, 600px\" \/><\/figure><div class=\"elementor-image-box-content\"><h2 class=\"elementor-image-box-title\">Corte Rugoso<\/h2><\/div><\/div>\t\t\t\t<\/div>\n\t\t\t\t<\/div>\n\t\t\t\t\t<\/div>\n\t\t<\/div>\n\t\t\t\t\t<\/div>\n\t\t<\/section>\n\t\t\t\t<section class=\"elementor-section elementor-inner-section elementor-element elementor-element-38ff558 elementor-section-boxed elementor-section-height-default elementor-section-height-default gs-locked-section-no\" data-id=\"38ff558\" data-element_type=\"section\">\n\t\t\t\t\t\t<div class=\"elementor-container elementor-column-gap-default\">\n\t\t\t\t\t<div class=\"elementor-column elementor-col-50 elementor-inner-column elementor-element elementor-element-b013633\" data-id=\"b013633\" data-element_type=\"column\">\n\t\t\t<div class=\"elementor-widget-wrap elementor-element-populated\">\n\t\t\t\t\t\t<div class=\"elementor-element elementor-element-ae39913 elementor-widget elementor-widget-grada-section-title\" data-id=\"ae39913\" data-element_type=\"widget\" data-widget_type=\"grada-section-title.default\">\n\t\t\t\t<div class=\"elementor-widget-container\">\n\t\t\t\t\t\t\t\t<div class=\"gs-section-title-holder\">\n                                    <div class=\"gs-section-title-inner\">\n\n\t\t\t                                        <h2 class=\"gs-section-title\">Caracter\u00edsticas<\/h2>                        \t\t\t                                        <div class=\"gs-section-title-content\">\n\t                            <p>La piedra de Lava Negra tiene muchos beneficios. Tiene una temperatura estable y fr\u00eda, dif\u00edcil de romper, elegante color negro, duradera, etc. La temperatura estable hace que la pared o el piso se enfr\u00eden porque el calor es absorbido por su sistema de enfriamiento. El sistema de fr\u00edo proviene de los diminutos agujeros de la piedra.<\/p>\n                            <\/div>\n                                            <\/div>\n                \t\t\t<\/div>\n\t\t\t\t\t\t<\/div>\n\t\t\t\t<\/div>\n\t\t\t\t<div class=\"elementor-element elementor-element-fbb62f8 elementor-icon-list--layout-traditional elementor-list-item-link-full_width elementor-widget elementor-widget-icon-list\" data-id=\"fbb62f8\" data-element_type=\"widget\" data-widget_type=\"icon-list.default\">\n\t\t\t\t<div class=\"elementor-widget-container\">\n\t\t\t\t\t\t\t<ul class=\"elementor-icon-list-items\">\n\t\t\t\t\t\t\t<li class=\"elementor-icon-list-item\">\n\t\t\t\t\t\t\t\t\t\t\t<span class=\"elementor-icon-list-icon\">\n\t\t\t\t\t\t\t<i aria-hidden=\"true\" class=\"fas fa-check\"><\/i>\t\t\t\t\t\t<\/span>\n\t\t\t\t\t\t\t\t\t\t<span class=\"elementor-icon-list-text\">Duradera en todas las condiciones<\/span>\n\t\t\t\t\t\t\t\t\t<\/li>\n\t\t\t\t\t\t\t\t<li class=\"elementor-icon-list-item\">\n\t\t\t\t\t\t\t\t\t\t\t<span class=\"elementor-icon-list-icon\">\n\t\t\t\t\t\t\t<i aria-hidden=\"true\" class=\"fas fa-check\"><\/i>\t\t\t\t\t\t<\/span>\n\t\t\t\t\t\t\t\t\t\t<span class=\"elementor-icon-list-text\">Temperatura estable y fr\u00eda.<\/span>\n\t\t\t\t\t\t\t\t\t<\/li>\n\t\t\t\t\t\t\t\t<li class=\"elementor-icon-list-item\">\n\t\t\t\t\t\t\t\t\t\t\t<span class=\"elementor-icon-list-icon\">\n\t\t\t\t\t\t\t<i aria-hidden=\"true\" class=\"fas fa-check\"><\/i>\t\t\t\t\t\t<\/span>\n\t\t\t\t\t\t\t\t\t\t<span class=\"elementor-icon-list-text\">Dificil de romper<\/span>\n\t\t\t\t\t\t\t\t\t<\/li>\n\t\t\t\t\t\t\t\t<li class=\"elementor-icon-list-item\">\n\t\t\t\t\t\t\t\t\t\t\t<span class=\"elementor-icon-list-icon\">\n\t\t\t\t\t\t\t<i aria-hidden=\"true\" class=\"fas fa-check\"><\/i>\t\t\t\t\t\t<\/span>\n\t\t\t\t\t\t\t\t\t\t<span class=\"elementor-icon-list-text\">Elegante color negro<\/span>\n\t\t\t\t\t\t\t\t\t<\/li>\n\t\t\t\t\t\t<\/ul>\n\t\t\t\t\t\t<\/div>\n\t\t\t\t<\/div>\n\t\t\t\t\t<\/div>\n\t\t<\/div>\n\t\t\t\t<div class=\"elementor-column elementor-col-50 elementor-inner-column elementor-element elementor-element-f455c21\" data-id=\"f455c21\" data-element_type=\"column\">\n\t\t\t<div class=\"elementor-widget-wrap elementor-element-populated\">\n\t\t\t\t\t\t<div class=\"elementor-element elementor-element-65c4782 elementor-widget elementor-widget-grada-section-title\" data-id=\"65c4782\" data-element_type=\"widget\" data-widget_type=\"grada-section-title.default\">\n\t\t\t\t<div class=\"elementor-widget-container\">\n\t\t\t\t\t\t\t\t<div class=\"gs-section-title-holder\">\n                                    <div class=\"gs-section-title-inner\">\n\n\t\t\t                                        <h2 class=\"gs-section-title\">Descargas<\/h2>                        \t\t\t                                <\/div>\n                \t\t\t<\/div>\n\t\t\t\t\t\t<\/div>\n\t\t\t\t<\/div>\n\t\t\t\t<div class=\"elementor-element elementor-element-dd06d69 elementor-align-justify elementor-widget__width-inherit elementor-widget elementor-widget-button\" data-id=\"dd06d69\" data-element_type=\"widget\" data-widget_type=\"button.default\">\n\t\t\t\t<div class=\"elementor-widget-container\">\n\t\t\t\t\t\t\t\t\t<div class=\"elementor-button-wrapper\">\n\t\t\t\t\t<a class=\"elementor-button elementor-button-link elementor-size-md\" href=\"https:\/\/sukabumiusa.com\/wp-content\/uploads\/2023\/08\/especificaciones-lavanegra.pdf\" target=\"_blank\">\n\t\t\t\t\t\t<span class=\"elementor-button-content-wrapper\">\n\t\t\t\t\t\t\t\t\t<span class=\"elementor-button-text\">Especificaciones<\/span>\n\t\t\t\t\t<\/span>\n\t\t\t\t\t<\/a>\n\t\t\t\t<\/div>\n\t\t\t\t\t\t\t\t<\/div>\n\t\t\t\t<\/div>\n\t\t\t\t<div class=\"elementor-element elementor-element-477df7f elementor-align-justify elementor-widget__width-inherit elementor-widget elementor-widget-button\" data-id=\"477df7f\" data-element_type=\"widget\" data-widget_type=\"button.default\">\n\t\t\t\t<div class=\"elementor-widget-container\">\n\t\t\t\t\t\t\t\t\t<div class=\"elementor-button-wrapper\">\n\t\t\t\t\t<a class=\"elementor-button elementor-button-link elementor-size-md\" href=\"https:\/\/sukabumiusa.com\/wp-content\/uploads\/2025\/07\/sukabumi-guia-instalacion.pdf\" target=\"_blank\">\n\t\t\t\t\t\t<span class=\"elementor-button-content-wrapper\">\n\t\t\t\t\t\t\t\t\t<span class=\"elementor-button-text\">C\u00f3mo instalar<\/span>\n\t\t\t\t\t<\/span>\n\t\t\t\t\t<\/a>\n\t\t\t\t<\/div>\n\t\t\t\t\t\t\t\t<\/div>\n\t\t\t\t<\/div>\n\t\t\t\t\t<\/div>\n\t\t<\/div>\n\t\t\t\t\t<\/div>\n\t\t<\/section>\n\t\t\t\t\t<\/div>\n\t\t<\/div>\n\t\t\t\t\t<\/div>\n\t\t<\/section>\n\t\t\t\t<\/div>\n\t\t","protected":false},"excerpt":{"rendered":"<p>Basalto de piedras volc\u00e1nicas extra\u00eddas de Indonesia, puede utilizarse como complemento de la piedra Sukabumi o utilizarse en forma particular para obtener espacios extremadamente oscuros.<br \/>\n[stm-calc id=\"4303\"]<\/p>\n","protected":false},"featured_media":3175,"template":"elementor_theme","meta":{"_acf_changed":false},"product_brand":[],"product_cat":[97],"product_tag":[99],"class_list":{"0":"post-4247","1":"product","2":"type-product","3":"status-publish","4":"has-post-thumbnail","6":"product_cat-piedras","7":"product_tag-piedras","9":"first","10":"instock","11":"shipping-taxable","12":"product-type-simple"},"acf":[],"yoast_head":"<!-- This site is optimized with the Yoast SEO plugin v24.8.1 - https:\/\/yoast.com\/wordpress\/plugins\/seo\/ -->\n<title>Piedra Lava Negra - SUKABUMI USA<\/title>\n<meta name=\"robots\" content=\"index, follow, max-snippet:-1, max-image-preview:large, max-video-preview:-1\" \/>\n<link rel=\"canonical\" href=\"https:\/\/sukabumiusa.com\/es\/product\/piedra-lava-negra\/\" \/>\n<meta property=\"og:locale\" content=\"es_ES\" \/>\n<meta property=\"og:type\" content=\"article\" \/>\n<meta property=\"og:title\" content=\"Piedra Lava Negra - SUKABUMI USA\" \/>\n<meta property=\"og:description\" content=\"Basalto de piedras volc\u00e1nicas extra\u00eddas de Indonesia, puede utilizarse como complemento de la piedra Sukabumi o utilizarse en forma particular para obtener espacios extremadamente oscuros.\" \/>\n<meta property=\"og:url\" content=\"https:\/\/sukabumiusa.com\/es\/product\/piedra-lava-negra\/\" \/>\n<meta property=\"og:site_name\" content=\"SUKABUMI USA\" \/>\n<meta property=\"article:modified_time\" content=\"2025-07-30T03:04:33+00:00\" \/>\n<meta property=\"og:image\" content=\"https:\/\/sukabumiusa.com\/wp-content\/uploads\/2023\/04\/black-lava.jpeg\" \/>\n\t<meta property=\"og:image:width\" content=\"500\" \/>\n\t<meta property=\"og:image:height\" content=\"500\" \/>\n\t<meta property=\"og:image:type\" content=\"image\/jpeg\" \/>\n<meta name=\"twitter:card\" content=\"summary_large_image\" \/>\n<script type=\"application\/ld+json\" class=\"yoast-schema-graph\">{\"@context\":\"https:\/\/schema.org\",\"@graph\":[{\"@type\":\"WebPage\",\"@id\":\"https:\/\/sukabumiusa.com\/es\/product\/piedra-lava-negra\/\",\"url\":\"https:\/\/sukabumiusa.com\/es\/product\/piedra-lava-negra\/\",\"name\":\"Piedra Lava Negra - SUKABUMI USA\",\"isPartOf\":{\"@id\":\"https:\/\/sukabumiusa.com\/#website\"},\"primaryImageOfPage\":{\"@id\":\"https:\/\/sukabumiusa.com\/es\/product\/piedra-lava-negra\/#primaryimage\"},\"image\":{\"@id\":\"https:\/\/sukabumiusa.com\/es\/product\/piedra-lava-negra\/#primaryimage\"},\"thumbnailUrl\":\"https:\/\/sukabumiusa.com\/wp-content\/uploads\/2023\/04\/black-lava.jpeg\",\"datePublished\":\"2023-04-11T00:09:22+00:00\",\"dateModified\":\"2025-07-30T03:04:33+00:00\",\"breadcrumb\":{\"@id\":\"https:\/\/sukabumiusa.com\/es\/product\/piedra-lava-negra\/#breadcrumb\"},\"inLanguage\":\"es\",\"potentialAction\":[{\"@type\":\"ReadAction\",\"target\":[\"https:\/\/sukabumiusa.com\/es\/product\/piedra-lava-negra\/\"]}]},{\"@type\":\"ImageObject\",\"inLanguage\":\"es\",\"@id\":\"https:\/\/sukabumiusa.com\/es\/product\/piedra-lava-negra\/#primaryimage\",\"url\":\"https:\/\/sukabumiusa.com\/wp-content\/uploads\/2023\/04\/black-lava.jpeg\",\"contentUrl\":\"https:\/\/sukabumiusa.com\/wp-content\/uploads\/2023\/04\/black-lava.jpeg\",\"width\":500,\"height\":500,\"caption\":\"Black Lava Stone\"},{\"@type\":\"BreadcrumbList\",\"@id\":\"https:\/\/sukabumiusa.com\/es\/product\/piedra-lava-negra\/#breadcrumb\",\"itemListElement\":[{\"@type\":\"ListItem\",\"position\":1,\"name\":\"Home\",\"item\":\"https:\/\/sukabumiusa.com\/\"},{\"@type\":\"ListItem\",\"position\":2,\"name\":\"Tienda\",\"item\":\"https:\/\/sukabumiusa.com\/es\/tienda\/\"},{\"@type\":\"ListItem\",\"position\":3,\"name\":\"Piedra Lava Negra\"}]},{\"@type\":\"WebSite\",\"@id\":\"https:\/\/sukabumiusa.com\/#website\",\"url\":\"https:\/\/sukabumiusa.com\/\",\"name\":\"SUKABUMI USA\",\"description\":\"Natural stones for swimming pools\",\"publisher\":{\"@id\":\"https:\/\/sukabumiusa.com\/#organization\"},\"potentialAction\":[{\"@type\":\"SearchAction\",\"target\":{\"@type\":\"EntryPoint\",\"urlTemplate\":\"https:\/\/sukabumiusa.com\/?s={search_term_string}\"},\"query-input\":{\"@type\":\"PropertyValueSpecification\",\"valueRequired\":true,\"valueName\":\"search_term_string\"}}],\"inLanguage\":\"es\"},{\"@type\":\"Organization\",\"@id\":\"https:\/\/sukabumiusa.com\/#organization\",\"name\":\"SUKABUMI USA\",\"url\":\"https:\/\/sukabumiusa.com\/\",\"logo\":{\"@type\":\"ImageObject\",\"inLanguage\":\"es\",\"@id\":\"https:\/\/sukabumiusa.com\/#\/schema\/logo\/image\/\",\"url\":\"https:\/\/smm863.a2cdn1.secureserver.net\/wp-content\/uploads\/2023\/03\/logo-sukabumi-dark.png?time=1688663207\",\"contentUrl\":\"https:\/\/smm863.a2cdn1.secureserver.net\/wp-content\/uploads\/2023\/03\/logo-sukabumi-dark.png?time=1688663207\",\"width\":494,\"height\":40,\"caption\":\"SUKABUMI USA\"},\"image\":{\"@id\":\"https:\/\/sukabumiusa.com\/#\/schema\/logo\/image\/\"},\"sameAs\":[\"https:\/\/www.instagram.com\/sukabumiusa\/\"]}]}<\/script>\n<!-- \/ Yoast SEO plugin. -->","yoast_head_json":{"title":"Piedra Lava Negra - SUKABUMI USA","robots":{"index":"index","follow":"follow","max-snippet":"max-snippet:-1","max-image-preview":"max-image-preview:large","max-video-preview":"max-video-preview:-1"},"canonical":"https:\/\/sukabumiusa.com\/es\/product\/piedra-lava-negra\/","og_locale":"es_ES","og_type":"article","og_title":"Piedra Lava Negra - SUKABUMI USA","og_description":"Basalto de piedras volc\u00e1nicas extra\u00eddas de Indonesia, puede utilizarse como complemento de la piedra Sukabumi o utilizarse en forma particular para obtener espacios extremadamente oscuros.","og_url":"https:\/\/sukabumiusa.com\/es\/product\/piedra-lava-negra\/","og_site_name":"SUKABUMI USA","article_modified_time":"2025-07-30T03:04:33+00:00","og_image":[{"width":500,"height":500,"url":"https:\/\/sukabumiusa.com\/wp-content\/uploads\/2023\/04\/black-lava.jpeg","type":"image\/jpeg"}],"twitter_card":"summary_large_image","schema":{"@context":"https:\/\/schema.org","@graph":[{"@type":"WebPage","@id":"https:\/\/sukabumiusa.com\/es\/product\/piedra-lava-negra\/","url":"https:\/\/sukabumiusa.com\/es\/product\/piedra-lava-negra\/","name":"Piedra Lava Negra - SUKABUMI USA","isPartOf":{"@id":"https:\/\/sukabumiusa.com\/#website"},"primaryImageOfPage":{"@id":"https:\/\/sukabumiusa.com\/es\/product\/piedra-lava-negra\/#primaryimage"},"image":{"@id":"https:\/\/sukabumiusa.com\/es\/product\/piedra-lava-negra\/#primaryimage"},"thumbnailUrl":"https:\/\/sukabumiusa.com\/wp-content\/uploads\/2023\/04\/black-lava.jpeg","datePublished":"2023-04-11T00:09:22+00:00","dateModified":"2025-07-30T03:04:33+00:00","breadcrumb":{"@id":"https:\/\/sukabumiusa.com\/es\/product\/piedra-lava-negra\/#breadcrumb"},"inLanguage":"es","potentialAction":[{"@type":"ReadAction","target":["https:\/\/sukabumiusa.com\/es\/product\/piedra-lava-negra\/"]}]},{"@type":"ImageObject","inLanguage":"es","@id":"https:\/\/sukabumiusa.com\/es\/product\/piedra-lava-negra\/#primaryimage","url":"https:\/\/sukabumiusa.com\/wp-content\/uploads\/2023\/04\/black-lava.jpeg","contentUrl":"https:\/\/sukabumiusa.com\/wp-content\/uploads\/2023\/04\/black-lava.jpeg","width":500,"height":500,"caption":"Black Lava Stone"},{"@type":"BreadcrumbList","@id":"https:\/\/sukabumiusa.com\/es\/product\/piedra-lava-negra\/#breadcrumb","itemListElement":[{"@type":"ListItem","position":1,"name":"Home","item":"https:\/\/sukabumiusa.com\/"},{"@type":"ListItem","position":2,"name":"Tienda","item":"https:\/\/sukabumiusa.com\/es\/tienda\/"},{"@type":"ListItem","position":3,"name":"Piedra Lava Negra"}]},{"@type":"WebSite","@id":"https:\/\/sukabumiusa.com\/#website","url":"https:\/\/sukabumiusa.com\/","name":"SUKABUMI USA","description":"Natural stones for swimming pools","publisher":{"@id":"https:\/\/sukabumiusa.com\/#organization"},"potentialAction":[{"@type":"SearchAction","target":{"@type":"EntryPoint","urlTemplate":"https:\/\/sukabumiusa.com\/?s={search_term_string}"},"query-input":{"@type":"PropertyValueSpecification","valueRequired":true,"valueName":"search_term_string"}}],"inLanguage":"es"},{"@type":"Organization","@id":"https:\/\/sukabumiusa.com\/#organization","name":"SUKABUMI USA","url":"https:\/\/sukabumiusa.com\/","logo":{"@type":"ImageObject","inLanguage":"es","@id":"https:\/\/sukabumiusa.com\/#\/schema\/logo\/image\/","url":"https:\/\/smm863.a2cdn1.secureserver.net\/wp-content\/uploads\/2023\/03\/logo-sukabumi-dark.png?time=1688663207","contentUrl":"https:\/\/smm863.a2cdn1.secureserver.net\/wp-content\/uploads\/2023\/03\/logo-sukabumi-dark.png?time=1688663207","width":494,"height":40,"caption":"SUKABUMI USA"},"image":{"@id":"https:\/\/sukabumiusa.com\/#\/schema\/logo\/image\/"},"sameAs":["https:\/\/www.instagram.com\/sukabumiusa\/"]}]}},"_links":{"self":[{"href":"https:\/\/sukabumiusa.com\/es\/wp-json\/wp\/v2\/product\/4247","targetHints":{"allow":["GET"]}}],"collection":[{"href":"https:\/\/sukabumiusa.com\/es\/wp-json\/wp\/v2\/product"}],"about":[{"href":"https:\/\/sukabumiusa.com\/es\/wp-json\/wp\/v2\/types\/product"}],"version-history":[{"count":3,"href":"https:\/\/sukabumiusa.com\/es\/wp-json\/wp\/v2\/product\/4247\/revisions"}],"predecessor-version":[{"id":5284,"href":"https:\/\/sukabumiusa.com\/es\/wp-json\/wp\/v2\/product\/4247\/revisions\/5284"}],"wp:featuredmedia":[{"embeddable":true,"href":"https:\/\/sukabumiusa.com\/es\/wp-json\/wp\/v2\/media\/3175"}],"wp:attachment":[{"href":"https:\/\/sukabumiusa.com\/es\/wp-json\/wp\/v2\/media?parent=4247"}],"wp:term":[{"taxonomy":"product_brand","embeddable":true,"href":"https:\/\/sukabumiusa.com\/es\/wp-json\/wp\/v2\/product_brand?post=4247"},{"taxonomy":"product_cat","embeddable":true,"href":"https:\/\/sukabumiusa.com\/es\/wp-json\/wp\/v2\/product_cat?post=4247"},{"taxonomy":"product_tag","embeddable":true,"href":"https:\/\/sukabumiusa.com\/es\/wp-json\/wp\/v2\/product_tag?post=4247"}],"curies":[{"name":"wp","href":"https:\/\/api.w.org\/{rel}","templated":true}]}}