{"id":4241,"date":"2023-04-10T20:09:50","date_gmt":"2023-04-11T00:09:50","guid":{"rendered":"https:\/\/minderlab.com.ar\/sukabumi\/product\/piedra-palimanan\/"},"modified":"2025-07-29T23:04:30","modified_gmt":"2025-07-30T03:04:30","slug":"piedra-palimanan","status":"publish","type":"product","link":"https:\/\/sukabumiusa.com\/es\/product\/piedra-palimanan\/","title":{"rendered":"Piedra Palimanan"},"content":{"rendered":"\t\t<div data-elementor-type=\"product-post\" data-elementor-id=\"4241\" class=\"elementor elementor-4241 elementor-2885\" data-elementor-post-type=\"product\">\n\t\t\t\t\t\t<section class=\"elementor-section elementor-top-section elementor-element elementor-element-d31984b elementor-section-boxed elementor-section-height-default elementor-section-height-default gs-locked-section-no\" data-id=\"d31984b\" data-element_type=\"section\">\n\t\t\t\t\t\t<div class=\"elementor-container elementor-column-gap-default\">\n\t\t\t\t\t<div class=\"elementor-column elementor-col-100 elementor-top-column elementor-element elementor-element-0b930b3\" data-id=\"0b930b3\" data-element_type=\"column\">\n\t\t\t<div class=\"elementor-widget-wrap elementor-element-populated\">\n\t\t\t\t\t\t<div class=\"elementor-element elementor-element-ef82786 elementor-blockquote--skin-boxed elementor-blockquote--button-color-official elementor-widget elementor-widget-blockquote\" data-id=\"ef82786\" data-element_type=\"widget\" data-widget_type=\"blockquote.default\">\n\t\t\t\t<div class=\"elementor-widget-container\">\n\t\t\t\t\t\t\t<blockquote class=\"elementor-blockquote\">\n\t\t\t<p class=\"elementor-blockquote__content\">\n\t\t\t\t\u201cEsta piedra natural proviene originalmente de Bali, Indonesia, y recibi\u00f3 su nombre porque esta piedra arenisca proviene de Cirebon, Palimanan. Es especialmente famosa en el sudeste asi\u00e1tico y Ocean\u00eda. Ya sea que quieras usarla para interior o exterior, piso o pared, esta piedra arenisca natural es una excelente opci\u00f3n, debido a su flexibilidad y gran durabilidad.\u201d\t\t\t<\/p>\n\t\t\t\t\t<\/blockquote>\n\t\t\t\t\t\t<\/div>\n\t\t\t\t<\/div>\n\t\t\t\t<section class=\"elementor-section elementor-inner-section elementor-element elementor-element-a8edc49 elementor-section-boxed elementor-section-height-default elementor-section-height-default gs-locked-section-no\" data-id=\"a8edc49\" data-element_type=\"section\">\n\t\t\t\t\t\t<div class=\"elementor-container elementor-column-gap-default\">\n\t\t\t\t\t<div class=\"elementor-column elementor-col-50 elementor-inner-column elementor-element elementor-element-d305632\" data-id=\"d305632\" data-element_type=\"column\">\n\t\t\t<div class=\"elementor-widget-wrap elementor-element-populated\">\n\t\t\t\t\t\t<div class=\"elementor-element elementor-element-9cbe53c elementor-position-top elementor-widget elementor-widget-image-box\" data-id=\"9cbe53c\" data-element_type=\"widget\" data-widget_type=\"image-box.default\">\n\t\t\t\t<div class=\"elementor-widget-container\">\n\t\t\t\t\t<div class=\"elementor-image-box-wrapper\"><figure class=\"elementor-image-box-img\"><img fetchpriority=\"high\" decoding=\"async\" width=\"600\" height=\"600\" src=\"https:\/\/sukabumiusa.com\/wp-content\/uploads\/2023\/04\/white-palimanan.jpg\" class=\"attachment-full size-full wp-image-3844\" alt=\"\" srcset=\"https:\/\/sukabumiusa.com\/wp-content\/uploads\/2023\/04\/white-palimanan.jpg 600w, https:\/\/sukabumiusa.com\/wp-content\/uploads\/2023\/04\/white-palimanan-300x300.jpg 300w, https:\/\/sukabumiusa.com\/wp-content\/uploads\/2023\/04\/white-palimanan-150x150.jpg 150w, https:\/\/sukabumiusa.com\/wp-content\/uploads\/2023\/04\/white-palimanan-500x500.jpg 500w, https:\/\/sukabumiusa.com\/wp-content\/uploads\/2023\/04\/white-palimanan-100x100.jpg 100w, https:\/\/sukabumiusa.com\/wp-content\/uploads\/2023\/04\/white-palimanan-50x50.jpg 50w\" sizes=\"(max-width: 600px) 100vw, 600px\" \/><\/figure><div class=\"elementor-image-box-content\"><h2 class=\"elementor-image-box-title\">Corte de Disco<\/h2><\/div><\/div>\t\t\t\t<\/div>\n\t\t\t\t<\/div>\n\t\t\t\t\t<\/div>\n\t\t<\/div>\n\t\t\t\t<div class=\"elementor-column elementor-col-50 elementor-inner-column elementor-element elementor-element-9853efa\" data-id=\"9853efa\" data-element_type=\"column\">\n\t\t\t<div class=\"elementor-widget-wrap\">\n\t\t\t\t\t\t\t<\/div>\n\t\t<\/div>\n\t\t\t\t\t<\/div>\n\t\t<\/section>\n\t\t\t\t<section class=\"elementor-section elementor-inner-section elementor-element elementor-element-48a79a9 elementor-section-boxed elementor-section-height-default elementor-section-height-default gs-locked-section-no\" data-id=\"48a79a9\" data-element_type=\"section\">\n\t\t\t\t\t\t<div class=\"elementor-container elementor-column-gap-default\">\n\t\t\t\t\t<div class=\"elementor-column elementor-col-50 elementor-inner-column elementor-element elementor-element-4eb7ae3\" data-id=\"4eb7ae3\" data-element_type=\"column\">\n\t\t\t<div class=\"elementor-widget-wrap elementor-element-populated\">\n\t\t\t\t\t\t<div class=\"elementor-element elementor-element-534a6b3 elementor-widget elementor-widget-grada-section-title\" data-id=\"534a6b3\" data-element_type=\"widget\" data-widget_type=\"grada-section-title.default\">\n\t\t\t\t<div class=\"elementor-widget-container\">\n\t\t\t\t\t\t\t\t<div class=\"gs-section-title-holder\">\n                                    <div class=\"gs-section-title-inner\">\n\n\t\t\t                                        <h2 class=\"gs-section-title\">Caracter\u00edsticas<\/h2>                        \t\t\t                                        <div class=\"gs-section-title-content\">\n\t                            <p>La piedra Palimanan blanca es antideslizante, tiene una temperatura estable y una superficie lisa.<br \/>\nEs capaz de absorber el calor y es c\u00f3moda para andar descalzo, por eso se recomienda para los decks de piscinas o el pavimento de piscinas y tambi\u00e9n se puede aplicar para cualquier pavimento de baja presi\u00f3n, pavimentos, revestimientos, escaleras, etc.<\/p>\n                            <\/div>\n                                            <\/div>\n                \t\t\t<\/div>\n\t\t\t\t\t\t<\/div>\n\t\t\t\t<\/div>\n\t\t\t\t<div class=\"elementor-element elementor-element-9bd1cb3 elementor-icon-list--layout-traditional elementor-list-item-link-full_width elementor-widget elementor-widget-icon-list\" data-id=\"9bd1cb3\" data-element_type=\"widget\" data-widget_type=\"icon-list.default\">\n\t\t\t\t<div class=\"elementor-widget-container\">\n\t\t\t\t\t\t\t<ul class=\"elementor-icon-list-items\">\n\t\t\t\t\t\t\t<li class=\"elementor-icon-list-item\">\n\t\t\t\t\t\t\t\t\t\t\t<span class=\"elementor-icon-list-icon\">\n\t\t\t\t\t\t\t<i aria-hidden=\"true\" class=\"fas fa-check\"><\/i>\t\t\t\t\t\t<\/span>\n\t\t\t\t\t\t\t\t\t\t<span class=\"elementor-icon-list-text\">No absorbe calor<\/span>\n\t\t\t\t\t\t\t\t\t<\/li>\n\t\t\t\t\t\t\t\t<li class=\"elementor-icon-list-item\">\n\t\t\t\t\t\t\t\t\t\t\t<span class=\"elementor-icon-list-icon\">\n\t\t\t\t\t\t\t<i aria-hidden=\"true\" class=\"fas fa-check\"><\/i>\t\t\t\t\t\t<\/span>\n\t\t\t\t\t\t\t\t\t\t<span class=\"elementor-icon-list-text\">Alta dureza y densidad<\/span>\n\t\t\t\t\t\t\t\t\t<\/li>\n\t\t\t\t\t\t\t\t<li class=\"elementor-icon-list-item\">\n\t\t\t\t\t\t\t\t\t\t\t<span class=\"elementor-icon-list-icon\">\n\t\t\t\t\t\t\t<i aria-hidden=\"true\" class=\"fas fa-check\"><\/i>\t\t\t\t\t\t<\/span>\n\t\t\t\t\t\t\t\t\t\t<span class=\"elementor-icon-list-text\">Alta resistencia a cualquier clima<\/span>\n\t\t\t\t\t\t\t\t\t<\/li>\n\t\t\t\t\t\t\t\t<li class=\"elementor-icon-list-item\">\n\t\t\t\t\t\t\t\t\t\t\t<span class=\"elementor-icon-list-icon\">\n\t\t\t\t\t\t\t<i aria-hidden=\"true\" class=\"fas fa-check\"><\/i>\t\t\t\t\t\t<\/span>\n\t\t\t\t\t\t\t\t\t\t<span class=\"elementor-icon-list-text\">Superficie lisa y limpia<\/span>\n\t\t\t\t\t\t\t\t\t<\/li>\n\t\t\t\t\t\t\t\t<li class=\"elementor-icon-list-item\">\n\t\t\t\t\t\t\t\t\t\t\t<span class=\"elementor-icon-list-icon\">\n\t\t\t\t\t\t\t<i aria-hidden=\"true\" class=\"fas fa-check\"><\/i>\t\t\t\t\t\t<\/span>\n\t\t\t\t\t\t\t\t\t\t<span class=\"elementor-icon-list-text\">Buena resistencia a la abrasi\u00f3n<\/span>\n\t\t\t\t\t\t\t\t\t<\/li>\n\t\t\t\t\t\t<\/ul>\n\t\t\t\t\t\t<\/div>\n\t\t\t\t<\/div>\n\t\t\t\t\t<\/div>\n\t\t<\/div>\n\t\t\t\t<div class=\"elementor-column elementor-col-50 elementor-inner-column elementor-element elementor-element-cbad9d3\" data-id=\"cbad9d3\" data-element_type=\"column\">\n\t\t\t<div class=\"elementor-widget-wrap elementor-element-populated\">\n\t\t\t\t\t\t<div class=\"elementor-element elementor-element-b2745fc elementor-widget elementor-widget-grada-section-title\" data-id=\"b2745fc\" data-element_type=\"widget\" data-widget_type=\"grada-section-title.default\">\n\t\t\t\t<div class=\"elementor-widget-container\">\n\t\t\t\t\t\t\t\t<div class=\"gs-section-title-holder\">\n                                    <div class=\"gs-section-title-inner\">\n\n\t\t\t                                        <h2 class=\"gs-section-title\">Descargas<\/h2>                        \t\t\t                                <\/div>\n                \t\t\t<\/div>\n\t\t\t\t\t\t<\/div>\n\t\t\t\t<\/div>\n\t\t\t\t<div class=\"elementor-element elementor-element-c6b00b7 elementor-align-justify elementor-widget__width-inherit elementor-widget elementor-widget-button\" data-id=\"c6b00b7\" data-element_type=\"widget\" data-widget_type=\"button.default\">\n\t\t\t\t<div class=\"elementor-widget-container\">\n\t\t\t\t\t\t\t\t\t<div class=\"elementor-button-wrapper\">\n\t\t\t\t\t<a class=\"elementor-button elementor-button-link elementor-size-md\" href=\"https:\/\/sukabumiusa.com\/wp-content\/uploads\/2023\/08\/especificaciones-palimanan.pdf\" target=\"_blank\">\n\t\t\t\t\t\t<span class=\"elementor-button-content-wrapper\">\n\t\t\t\t\t\t\t\t\t<span class=\"elementor-button-text\">Especificaciones<\/span>\n\t\t\t\t\t<\/span>\n\t\t\t\t\t<\/a>\n\t\t\t\t<\/div>\n\t\t\t\t\t\t\t\t<\/div>\n\t\t\t\t<\/div>\n\t\t\t\t<div class=\"elementor-element elementor-element-5f66625 elementor-align-justify elementor-widget__width-inherit elementor-widget elementor-widget-button\" data-id=\"5f66625\" data-element_type=\"widget\" data-widget_type=\"button.default\">\n\t\t\t\t<div class=\"elementor-widget-container\">\n\t\t\t\t\t\t\t\t\t<div class=\"elementor-button-wrapper\">\n\t\t\t\t\t<a class=\"elementor-button elementor-button-link elementor-size-md\" href=\"https:\/\/sukabumiusa.com\/wp-content\/uploads\/2025\/07\/sukabumi-guia-instalacion.pdf\" target=\"_blank\">\n\t\t\t\t\t\t<span class=\"elementor-button-content-wrapper\">\n\t\t\t\t\t\t\t\t\t<span class=\"elementor-button-text\">C\u00f3mo instalar<\/span>\n\t\t\t\t\t<\/span>\n\t\t\t\t\t<\/a>\n\t\t\t\t<\/div>\n\t\t\t\t\t\t\t\t<\/div>\n\t\t\t\t<\/div>\n\t\t\t\t\t<\/div>\n\t\t<\/div>\n\t\t\t\t\t<\/div>\n\t\t<\/section>\n\t\t\t\t\t<\/div>\n\t\t<\/div>\n\t\t\t\t\t<\/div>\n\t\t<\/section>\n\t\t\t\t<\/div>\n\t\t","protected":false},"excerpt":{"rendered":"<p>Compuesta principalmente de cuarzo, feldespato, granos finos o gruesos de arena de materia org\u00e1nica y fragmentos de roca compactada.<br \/>\n[stm-calc id=\"4302\"]<\/p>\n","protected":false},"featured_media":3176,"template":"elementor_theme","meta":{"_acf_changed":false},"product_brand":[],"product_cat":[97],"product_tag":[99],"class_list":{"0":"post-4241","1":"product","2":"type-product","3":"status-publish","4":"has-post-thumbnail","6":"product_cat-piedras","7":"product_tag-piedras","9":"first","10":"instock","11":"shipping-taxable","12":"product-type-simple"},"acf":[],"yoast_head":"<!-- This site is optimized with the Yoast SEO plugin v24.8.1 - https:\/\/yoast.com\/wordpress\/plugins\/seo\/ -->\n<title>Piedra Palimanan - SUKABUMI USA<\/title>\n<meta name=\"robots\" content=\"index, follow, max-snippet:-1, max-image-preview:large, max-video-preview:-1\" \/>\n<link rel=\"canonical\" href=\"https:\/\/sukabumiusa.com\/es\/product\/piedra-palimanan\/\" \/>\n<meta property=\"og:locale\" content=\"es_ES\" \/>\n<meta property=\"og:type\" content=\"article\" \/>\n<meta property=\"og:title\" content=\"Piedra Palimanan - SUKABUMI USA\" \/>\n<meta property=\"og:description\" content=\"Compuesta principalmente de cuarzo, feldespato, granos finos o gruesos de arena de materia org\u00e1nica y fragmentos de roca compactada.\" \/>\n<meta property=\"og:url\" content=\"https:\/\/sukabumiusa.com\/es\/product\/piedra-palimanan\/\" \/>\n<meta property=\"og:site_name\" content=\"SUKABUMI USA\" \/>\n<meta property=\"article:modified_time\" content=\"2025-07-30T03:04:30+00:00\" \/>\n<meta property=\"og:image\" content=\"https:\/\/sukabumiusa.com\/wp-content\/uploads\/2023\/04\/palimanan.jpeg\" \/>\n\t<meta property=\"og:image:width\" content=\"500\" \/>\n\t<meta property=\"og:image:height\" content=\"500\" \/>\n\t<meta property=\"og:image:type\" content=\"image\/jpeg\" \/>\n<meta name=\"twitter:card\" content=\"summary_large_image\" \/>\n<script type=\"application\/ld+json\" class=\"yoast-schema-graph\">{\"@context\":\"https:\/\/schema.org\",\"@graph\":[{\"@type\":\"WebPage\",\"@id\":\"https:\/\/sukabumiusa.com\/es\/product\/piedra-palimanan\/\",\"url\":\"https:\/\/sukabumiusa.com\/es\/product\/piedra-palimanan\/\",\"name\":\"Piedra Palimanan - SUKABUMI USA\",\"isPartOf\":{\"@id\":\"https:\/\/sukabumiusa.com\/#website\"},\"primaryImageOfPage\":{\"@id\":\"https:\/\/sukabumiusa.com\/es\/product\/piedra-palimanan\/#primaryimage\"},\"image\":{\"@id\":\"https:\/\/sukabumiusa.com\/es\/product\/piedra-palimanan\/#primaryimage\"},\"thumbnailUrl\":\"https:\/\/sukabumiusa.com\/wp-content\/uploads\/2023\/04\/palimanan.jpeg\",\"datePublished\":\"2023-04-11T00:09:50+00:00\",\"dateModified\":\"2025-07-30T03:04:30+00:00\",\"breadcrumb\":{\"@id\":\"https:\/\/sukabumiusa.com\/es\/product\/piedra-palimanan\/#breadcrumb\"},\"inLanguage\":\"es\",\"potentialAction\":[{\"@type\":\"ReadAction\",\"target\":[\"https:\/\/sukabumiusa.com\/es\/product\/piedra-palimanan\/\"]}]},{\"@type\":\"ImageObject\",\"inLanguage\":\"es\",\"@id\":\"https:\/\/sukabumiusa.com\/es\/product\/piedra-palimanan\/#primaryimage\",\"url\":\"https:\/\/sukabumiusa.com\/wp-content\/uploads\/2023\/04\/palimanan.jpeg\",\"contentUrl\":\"https:\/\/sukabumiusa.com\/wp-content\/uploads\/2023\/04\/palimanan.jpeg\",\"width\":500,\"height\":500,\"caption\":\"Palimanan Stone\"},{\"@type\":\"BreadcrumbList\",\"@id\":\"https:\/\/sukabumiusa.com\/es\/product\/piedra-palimanan\/#breadcrumb\",\"itemListElement\":[{\"@type\":\"ListItem\",\"position\":1,\"name\":\"Home\",\"item\":\"https:\/\/sukabumiusa.com\/\"},{\"@type\":\"ListItem\",\"position\":2,\"name\":\"Tienda\",\"item\":\"https:\/\/sukabumiusa.com\/es\/tienda\/\"},{\"@type\":\"ListItem\",\"position\":3,\"name\":\"Piedra Palimanan\"}]},{\"@type\":\"WebSite\",\"@id\":\"https:\/\/sukabumiusa.com\/#website\",\"url\":\"https:\/\/sukabumiusa.com\/\",\"name\":\"SUKABUMI USA\",\"description\":\"Natural stones for swimming pools\",\"publisher\":{\"@id\":\"https:\/\/sukabumiusa.com\/#organization\"},\"potentialAction\":[{\"@type\":\"SearchAction\",\"target\":{\"@type\":\"EntryPoint\",\"urlTemplate\":\"https:\/\/sukabumiusa.com\/?s={search_term_string}\"},\"query-input\":{\"@type\":\"PropertyValueSpecification\",\"valueRequired\":true,\"valueName\":\"search_term_string\"}}],\"inLanguage\":\"es\"},{\"@type\":\"Organization\",\"@id\":\"https:\/\/sukabumiusa.com\/#organization\",\"name\":\"SUKABUMI USA\",\"url\":\"https:\/\/sukabumiusa.com\/\",\"logo\":{\"@type\":\"ImageObject\",\"inLanguage\":\"es\",\"@id\":\"https:\/\/sukabumiusa.com\/#\/schema\/logo\/image\/\",\"url\":\"https:\/\/smm863.a2cdn1.secureserver.net\/wp-content\/uploads\/2023\/03\/logo-sukabumi-dark.png?time=1688663207\",\"contentUrl\":\"https:\/\/smm863.a2cdn1.secureserver.net\/wp-content\/uploads\/2023\/03\/logo-sukabumi-dark.png?time=1688663207\",\"width\":494,\"height\":40,\"caption\":\"SUKABUMI USA\"},\"image\":{\"@id\":\"https:\/\/sukabumiusa.com\/#\/schema\/logo\/image\/\"},\"sameAs\":[\"https:\/\/www.instagram.com\/sukabumiusa\/\"]}]}<\/script>\n<!-- \/ Yoast SEO plugin. -->","yoast_head_json":{"title":"Piedra Palimanan - SUKABUMI USA","robots":{"index":"index","follow":"follow","max-snippet":"max-snippet:-1","max-image-preview":"max-image-preview:large","max-video-preview":"max-video-preview:-1"},"canonical":"https:\/\/sukabumiusa.com\/es\/product\/piedra-palimanan\/","og_locale":"es_ES","og_type":"article","og_title":"Piedra Palimanan - SUKABUMI USA","og_description":"Compuesta principalmente de cuarzo, feldespato, granos finos o gruesos de arena de materia org\u00e1nica y fragmentos de roca compactada.","og_url":"https:\/\/sukabumiusa.com\/es\/product\/piedra-palimanan\/","og_site_name":"SUKABUMI USA","article_modified_time":"2025-07-30T03:04:30+00:00","og_image":[{"width":500,"height":500,"url":"https:\/\/sukabumiusa.com\/wp-content\/uploads\/2023\/04\/palimanan.jpeg","type":"image\/jpeg"}],"twitter_card":"summary_large_image","schema":{"@context":"https:\/\/schema.org","@graph":[{"@type":"WebPage","@id":"https:\/\/sukabumiusa.com\/es\/product\/piedra-palimanan\/","url":"https:\/\/sukabumiusa.com\/es\/product\/piedra-palimanan\/","name":"Piedra Palimanan - SUKABUMI USA","isPartOf":{"@id":"https:\/\/sukabumiusa.com\/#website"},"primaryImageOfPage":{"@id":"https:\/\/sukabumiusa.com\/es\/product\/piedra-palimanan\/#primaryimage"},"image":{"@id":"https:\/\/sukabumiusa.com\/es\/product\/piedra-palimanan\/#primaryimage"},"thumbnailUrl":"https:\/\/sukabumiusa.com\/wp-content\/uploads\/2023\/04\/palimanan.jpeg","datePublished":"2023-04-11T00:09:50+00:00","dateModified":"2025-07-30T03:04:30+00:00","breadcrumb":{"@id":"https:\/\/sukabumiusa.com\/es\/product\/piedra-palimanan\/#breadcrumb"},"inLanguage":"es","potentialAction":[{"@type":"ReadAction","target":["https:\/\/sukabumiusa.com\/es\/product\/piedra-palimanan\/"]}]},{"@type":"ImageObject","inLanguage":"es","@id":"https:\/\/sukabumiusa.com\/es\/product\/piedra-palimanan\/#primaryimage","url":"https:\/\/sukabumiusa.com\/wp-content\/uploads\/2023\/04\/palimanan.jpeg","contentUrl":"https:\/\/sukabumiusa.com\/wp-content\/uploads\/2023\/04\/palimanan.jpeg","width":500,"height":500,"caption":"Palimanan Stone"},{"@type":"BreadcrumbList","@id":"https:\/\/sukabumiusa.com\/es\/product\/piedra-palimanan\/#breadcrumb","itemListElement":[{"@type":"ListItem","position":1,"name":"Home","item":"https:\/\/sukabumiusa.com\/"},{"@type":"ListItem","position":2,"name":"Tienda","item":"https:\/\/sukabumiusa.com\/es\/tienda\/"},{"@type":"ListItem","position":3,"name":"Piedra Palimanan"}]},{"@type":"WebSite","@id":"https:\/\/sukabumiusa.com\/#website","url":"https:\/\/sukabumiusa.com\/","name":"SUKABUMI USA","description":"Natural stones for swimming pools","publisher":{"@id":"https:\/\/sukabumiusa.com\/#organization"},"potentialAction":[{"@type":"SearchAction","target":{"@type":"EntryPoint","urlTemplate":"https:\/\/sukabumiusa.com\/?s={search_term_string}"},"query-input":{"@type":"PropertyValueSpecification","valueRequired":true,"valueName":"search_term_string"}}],"inLanguage":"es"},{"@type":"Organization","@id":"https:\/\/sukabumiusa.com\/#organization","name":"SUKABUMI USA","url":"https:\/\/sukabumiusa.com\/","logo":{"@type":"ImageObject","inLanguage":"es","@id":"https:\/\/sukabumiusa.com\/#\/schema\/logo\/image\/","url":"https:\/\/smm863.a2cdn1.secureserver.net\/wp-content\/uploads\/2023\/03\/logo-sukabumi-dark.png?time=1688663207","contentUrl":"https:\/\/smm863.a2cdn1.secureserver.net\/wp-content\/uploads\/2023\/03\/logo-sukabumi-dark.png?time=1688663207","width":494,"height":40,"caption":"SUKABUMI USA"},"image":{"@id":"https:\/\/sukabumiusa.com\/#\/schema\/logo\/image\/"},"sameAs":["https:\/\/www.instagram.com\/sukabumiusa\/"]}]}},"_links":{"self":[{"href":"https:\/\/sukabumiusa.com\/es\/wp-json\/wp\/v2\/product\/4241","targetHints":{"allow":["GET"]}}],"collection":[{"href":"https:\/\/sukabumiusa.com\/es\/wp-json\/wp\/v2\/product"}],"about":[{"href":"https:\/\/sukabumiusa.com\/es\/wp-json\/wp\/v2\/types\/product"}],"version-history":[{"count":3,"href":"https:\/\/sukabumiusa.com\/es\/wp-json\/wp\/v2\/product\/4241\/revisions"}],"predecessor-version":[{"id":5281,"href":"https:\/\/sukabumiusa.com\/es\/wp-json\/wp\/v2\/product\/4241\/revisions\/5281"}],"wp:featuredmedia":[{"embeddable":true,"href":"https:\/\/sukabumiusa.com\/es\/wp-json\/wp\/v2\/media\/3176"}],"wp:attachment":[{"href":"https:\/\/sukabumiusa.com\/es\/wp-json\/wp\/v2\/media?parent=4241"}],"wp:term":[{"taxonomy":"product_brand","embeddable":true,"href":"https:\/\/sukabumiusa.com\/es\/wp-json\/wp\/v2\/product_brand?post=4241"},{"taxonomy":"product_cat","embeddable":true,"href":"https:\/\/sukabumiusa.com\/es\/wp-json\/wp\/v2\/product_cat?post=4241"},{"taxonomy":"product_tag","embeddable":true,"href":"https:\/\/sukabumiusa.com\/es\/wp-json\/wp\/v2\/product_tag?post=4241"}],"curies":[{"name":"wp","href":"https:\/\/api.w.org\/{rel}","templated":true}]}}